{"id":995,"date":"2024-04-07T23:34:32","date_gmt":"2024-04-07T21:34:32","guid":{"rendered":"https:\/\/www.ariannavalsesia.it\/dii\/privacy-policy\/"},"modified":"2024-06-14T15:51:35","modified_gmt":"2024-06-14T13:51:35","slug":"privacy-policy","status":"publish","type":"page","link":"https:\/\/diinews.unitn.it\/en\/privacy-policy\/","title":{"rendered":"Privacy Policy"},"content":{"rendered":"\t\t<div data-elementor-type=\"wp-page\" data-elementor-id=\"995\" class=\"elementor elementor-995 elementor-3\" data-elementor-post-type=\"page\">\n\t\t\t\t<div class=\"elementor-element elementor-element-542a02df e-flex e-con-boxed e-con e-parent\" data-id=\"542a02df\" data-element_type=\"container\" data-e-type=\"container\">\n\t\t\t\t\t<div class=\"e-con-inner\">\n\t\t\t\t<div class=\"elementor-element elementor-element-6bf61a47 elementor-widget elementor-widget-text-editor\" data-id=\"6bf61a47\" data-element_type=\"widget\" data-e-type=\"widget\" data-widget_type=\"text-editor.default\">\n\t\t\t\t<div class=\"elementor-widget-container\">\n\t\t\t\t\t\t\t\t\t<h3>Informativa ai sensi dell\u2019art. 13 e 14 del Regolamento (UE) 2016\/679<\/h3>\n<p>Ai sensi dell\u2019articolo 13 e 14 del Regolamento (UE) 2016\/679, recante disposizioni in materia di protezione dei dati, desideriamo informarLa che i dati personali da Lei volontariamente forniti all&#8217;Universit\u00e0 degli Studi di Trento saranno dalla stessa trattati adottando le misure idonee a garantirne la sicurezza e la riservatezza, nel rispetto della normativa sopra richiamata.<\/p>\n<h3>1. Finalit\u00e0 e modalit\u00e0 del trattamento dei dati<\/h3>\n<h4>Dati di navigazione<\/h4>\n<p>I sistemi informatici preposti al funzionamento del sito diinews.it acquisiscono automaticamente, nel loro funzionamento quotidiano, alcuni dati personali che sono trasmessi implicitamente nell\u2019uso di protocolli di comunicazione web. Si tratta di dati che, se elaborati con dati detenuti da terzi, potrebbero identificare gli utenti\/visitatori. Si tratta per esempio di indirizzo IP e nomi di domini dei computer utilizzati dagli utenti\/visitatori che si collegano a diinews.it. Questi dati personali vengono raccolti normalmente per indagini di carattere statistico, gestiti in forma anonima e utilizzati per facilitare la navigazione nel sito diinews.it<\/p>\n<h4>Cookies<\/h4>\n<p>Il sito diinews.it utilizza i cookie di monitoraggio, delle brevi stringhe di testo che vengono inviate dal server del sito al browser dell&#8217;utente\/visitatore del sito e vengono automaticamente salvati sul pc dell&#8217;utente\/visitatore. La finalit\u00e0 \u00e8 l&#8217;effettuare analisi statistiche ai soli fini di migliorare l&#8217;offerta di servizi e quindi si consiglia di configurare il proprio browser in modo da accettarli. Quasi tutti i browser sono impostati per accettare i cookie, tuttavia l&#8217;utente\/visitatore pu\u00f2 autonomamente modificare la configurazione del proprio browser e bloccare i cookie (vedi punto 1.2.2 &#8220;Come disabilitare i cookie (opt-out)&#8221;).<\/p>\n<h4>Cookie di monitoraggio<\/h4>\n<p>I cookie di monitoraggio possono essere disabilitati senza nessuna conseguenza sulla navigazione del portale. Il sito si avvale del servizio Google Analytics della societ\u00e0 Google, Inc. (di seguito &#8220;Google&#8221;) per la generazione di statistiche sull&#8217;utilizzo del portale web; Google Analytics utilizza cookie (non di terze parti) che non memorizzano dati personali. Le informazioni ricavabili dai cookie sull\u2019utilizzo del sito web da parte degli utenti (compresi gli indirizzi IP) verranno trasmesse dal browser dell\u2019utente a Google, con sede a 1600 Amphitheatre Parkway, Mountain View, CA 94043, Stati Uniti, e depositate presso i server della societ\u00e0 stessa.<\/p>\n<p>Secondo i <a href=\"http:\/\/www.google.com\/analytics\/terms\/it.html\">termini di servizio<\/a> in essere, Google utilizzer\u00e0 queste informazioni, in qualit\u00e0 di titolare autonomo del trattamento, allo scopo di tracciare e esaminare l\u2019utilizzo del sito web, compilare report sulle attivit\u00e0 del sito ad uso degli operatori del sito stesso e fornire altri servizi relativi alle attivit\u00e0 del sito web, alle modalit\u00e0 di connessione (mobile, pc, browser utilizzato etc) e alle modalit\u00e0 di ricerca e raggiungimento delle pagine del portale. Google pu\u00f2 anche trasferire queste informazioni a terzi ove ci\u00f2 sia imposto dalla legge o laddove tali terzi trattino le suddette informazioni per conto di Google. Google non associer\u00e0 gli indirizzi IP a nessun altro dato posseduto da Google.<\/p>\n<p>Per consultare l&#8217;informativa privacy della societ\u00e0 Google, relativa al servizio Google Analytics, si prega di visitare il sito Internet <a href=\"http:\/\/www.google.com\/intl\/en\/analytics\/privacyoverview.html\">http:\/\/www.google.com\/intl\/en\/analytics\/privacyoverview.html<\/a>.<\/p>\n<p>Per conoscere le norme sulla privacy di Google, si invita a vistare il sito Internet <a href=\"http:\/\/www.google.com\/intl\/it\/privacy\/privacy-policy.html\">http:\/\/www.google.com\/intl\/it\/privacy\/privacy-policy.html<\/a>.<\/p>\n<p>Utilizzando il sito web, si acconsente al trattamento dei propri dati da parte di Google per le modalit\u00e0 e i fini sopra indicati.<\/p>\n<h4>Come disabilitare i cookie (opt-out)<\/h4>\n<p>\u00c8 possibile negare il consenso all\u2019utilizzo dei cookie selezionando l&#8217;impostazione appropriata sul proprio browser: la navigazione non autenticata sul portale sar\u00e0 comunque disponibile in tutte le sue funzionalit\u00e0. Di seguito forniamo i link che spiegano come disabilitare i cookie per i browser pi\u00f9 diffusi (per altri browser eventualmente utilizzati suggeriamo di cercare questa opzione nell\u2019help del software normalmente disponibile attraverso il tasto F1):<\/p>\n<p>Internet Explorer: <a href=\"http:\/\/windows.microsoft.com\/it-IT\/windows7\/Block-enable-or-allow-cookies\">http:\/\/windows.microsoft.com\/it-IT\/windows7\/Block-enable-or-allow-cookies<\/a><\/p>\n<p>Google Chrome: <a href=\"https:\/\/support.google.com\/chrome\/bin\/answer.py?hl=it-IT&amp;answer=95647&amp;p=cpn_cookies\">https:\/\/support.google.com\/chrome\/bin\/answer.py?hl=it-IT&amp;answer=95647&amp;p=cpn_cookies<\/a><\/p>\n<p>Mozilla Firefox: <a href=\"http:\/\/support.mozilla.org\/it\/kb\/Bloccare%20i%20cookie?redirectlocale=en-US&amp;redirectslug=Blocking+cookies\">http:\/\/support.mozilla.org\/it\/kb\/Bloccare%20i%20cookie?redirectlocale=en-US&amp;redirectslug=Blocking+cookies<\/a><\/p>\n<p>Apple Safari: <a href=\"http:\/\/www.apple.com\/it\/privacy\/use-of-cookies\/\">http:\/\/www.apple.com\/it\/privacy\/use-of-cookies\/<\/a><\/p>\n<p>In alternativa \u00e8 possibile disabilitare soltanto i cookie di Google Analytics, utilizzando il <a href=\"https:\/\/tools.google.com\/dlpage\/gaoptout?hl=it\">componente aggiuntivo<\/a> di opt-out fornito da Google per i browser principali.<\/p>\n<h4>1.3 Finalit\u00e0 e conservazione dei dati<\/h4>\n<p>I dati raccolti vengono trattati esclusivamente per effettuare analisi statistiche, ai soli fini di migliorare l\u2019offerta di servizi e per il tempo minimo necessario per espletare il servizio.<\/p>\n<h4>1.4. Trattamento dei dati:<\/h4>\n<p>I trattamenti saranno effettuati sia manualmente sia con l\u2019ausilio di mezzi elettronici, o comunque automatizzati, e comprendono, nel rispetto dei limiti e delle condizioni posti dal Regolamento Generale sulla Protezione dei Dati 2016\/679: raccolta, registrazione, organizzazione, conservazione, consultazione, elaborazione, modificazione, selezione, estrazione, raffronto, utilizzo, interconnessione, blocco, comunicazione, cancellazione e distruzione dei dati.<\/p>\n<h3>2. Comunicazione e diffusione dei dati<\/h3>\n<p>I dati raccolti non saranno oggetto di diffusione o comunicazione a terzi, se non nei casi previsti dalla informativa e\/o dalla legge e, comunque, con le modalit\u00e0 da questa consentite.<\/p>\n<p>I dati potranno venire a conoscenza dei responsabili o incaricati del trattamento, nell\u2019ambito delle rispettive funzioni e in conformit\u00e0 alle istruzioni ricevute, soltanto per il conseguimento delle specifiche finalit\u00e0 indicate nella presente informativa.<\/p>\n<h3>3. Diritti dell\u2019interessato<\/h3>\n<p>Relativamente a tali dati si possono esercitare tutti i diritti previsti dal Regolamento Generale sulla Protezione dei Dati 2016\/679 inviando un\u2019email a <a href=\"mailto:rpd@unitn.it\">rpd@unitn.it<\/a><\/p>\n<h3>4. Titolare del trattamento<\/h3>\n<p>Titolare del trattamento \u00e8 l&#8217;Universit\u00e0 degli Studi di Trento, con sede legale via Calepina n. 14, 38122 Trento, email <a href=\"mailto:ateneo@pec.unitn.it\">ateneo@pec.unitn.it<\/a>, <a href=\"mailto:ateneo@unitn.it\">ateneo@unitn.it<\/a>. L\u2019elenco completo dei Responsabili \u00e8 consultabile presso la sede.<\/p>\n<h3>5. Dati di Contatto del Responsabile della protezione dei dati<\/h3>\n<p>E\u2019 possibile contattare il Responsabile della protezione dei dati dell\u2019Ateneo di Trento all\u2019indirizzo email: <a href=\"mailto:rpd@unitn.it\">rpd@unitn.it<\/a><\/p>\n\t\t\t\t\t\t\t\t<\/div>\n\t\t\t\t<\/div>\n\t\t\t\t\t<\/div>\n\t\t\t\t<\/div>\n\t\t\t\t<\/div>\n\t\t","protected":false},"excerpt":{"rendered":"<p>Informativa ai sensi dell\u2019art. 13 e 14 del Regolamento (UE) 2016\/679 Ai sensi dell\u2019articolo 13 e 14 del Regolamento (UE) 2016\/679, recante disposizioni in materia di protezione dei dati, desideriamo informarLa che i dati personali da Lei volontariamente forniti all&#8217;Universit\u00e0 degli Studi di Trento saranno dalla stessa trattati adottando le misure idonee a garantirne la [&hellip;]<\/p>\n","protected":false},"author":1,"featured_media":0,"parent":0,"menu_order":0,"comment_status":"closed","ping_status":"open","template":"","meta":{"_acf_changed":false,"_monsterinsights_skip_tracking":false,"_monsterinsights_sitenote_active":false,"_monsterinsights_sitenote_note":"","_monsterinsights_sitenote_category":0,"footnotes":""},"class_list":["post-995","page","type-page","status-publish","hentry"],"acf":[],"yoast_head":"<!-- This site is optimized with the Yoast SEO plugin v26.9 - https:\/\/yoast.com\/product\/yoast-seo-wordpress\/ -->\n<title>Privacy Policy - DII News<\/title>\n<meta name=\"robots\" content=\"index, follow, max-snippet:-1, max-image-preview:large, max-video-preview:-1\" \/>\n<link rel=\"canonical\" href=\"https:\/\/diinews.unitn.it\/privacy-policy\/\" \/>\n<meta property=\"og:locale\" content=\"en_US\" \/>\n<meta property=\"og:type\" content=\"article\" \/>\n<meta property=\"og:title\" content=\"Privacy Policy - DII News\" \/>\n<meta property=\"og:description\" content=\"Informativa ai sensi dell\u2019art. 13 e 14 del Regolamento (UE) 2016\/679 Ai sensi dell\u2019articolo 13 e 14 del Regolamento (UE) 2016\/679, recante disposizioni in materia di protezione dei dati, desideriamo informarLa che i dati personali da Lei volontariamente forniti all&#8217;Universit\u00e0 degli Studi di Trento saranno dalla stessa trattati adottando le misure idonee a garantirne la [&hellip;]\" \/>\n<meta property=\"og:url\" content=\"https:\/\/diinews.unitn.it\/privacy-policy\/\" \/>\n<meta property=\"og:site_name\" content=\"DII News\" \/>\n<meta property=\"article:publisher\" content=\"https:\/\/www.facebook.com\/UniTrento.DII\/\" \/>\n<meta property=\"article:modified_time\" content=\"2024-06-14T13:51:35+00:00\" \/>\n<meta name=\"twitter:card\" content=\"summary_large_image\" \/>\n<meta name=\"twitter:site\" content=\"@UniTrento_DII\" \/>\n<meta name=\"twitter:label1\" content=\"Est. reading time\" \/>\n\t<meta name=\"twitter:data1\" content=\"5 minutes\" \/>\n<script type=\"application\/ld+json\" class=\"yoast-schema-graph\">{\"@context\":\"https:\/\/schema.org\",\"@graph\":[{\"@type\":\"WebPage\",\"@id\":\"https:\/\/diinews.unitn.it\/privacy-policy\/\",\"url\":\"https:\/\/diinews.unitn.it\/privacy-policy\/\",\"name\":\"Privacy Policy - DII News\",\"isPartOf\":{\"@id\":\"https:\/\/diinews.unitn.it\/#website\"},\"datePublished\":\"2024-04-07T21:34:32+00:00\",\"dateModified\":\"2024-06-14T13:51:35+00:00\",\"breadcrumb\":{\"@id\":\"https:\/\/diinews.unitn.it\/privacy-policy\/#breadcrumb\"},\"inLanguage\":\"en-US\",\"potentialAction\":[{\"@type\":\"ReadAction\",\"target\":[\"https:\/\/diinews.unitn.it\/privacy-policy\/\"]}]},{\"@type\":\"BreadcrumbList\",\"@id\":\"https:\/\/diinews.unitn.it\/privacy-policy\/#breadcrumb\",\"itemListElement\":[{\"@type\":\"ListItem\",\"position\":1,\"name\":\"Home\",\"item\":\"https:\/\/diinews.unitn.it\/\"},{\"@type\":\"ListItem\",\"position\":2,\"name\":\"Privacy Policy\"}]},{\"@type\":\"WebSite\",\"@id\":\"https:\/\/diinews.unitn.it\/#website\",\"url\":\"https:\/\/diinews.unitn.it\/\",\"name\":\"DII News\",\"description\":\"Rivista di informazione del Dipartimento di Ingegneria Industriale  Universit\u00e0 di Trento\",\"publisher\":{\"@id\":\"https:\/\/diinews.unitn.it\/#organization\"},\"potentialAction\":[{\"@type\":\"SearchAction\",\"target\":{\"@type\":\"EntryPoint\",\"urlTemplate\":\"https:\/\/diinews.unitn.it\/?s={search_term_string}\"},\"query-input\":{\"@type\":\"PropertyValueSpecification\",\"valueRequired\":true,\"valueName\":\"search_term_string\"}}],\"inLanguage\":\"en-US\"},{\"@type\":\"Organization\",\"@id\":\"https:\/\/diinews.unitn.it\/#organization\",\"name\":\"DII News\",\"url\":\"https:\/\/diinews.unitn.it\/\",\"logo\":{\"@type\":\"ImageObject\",\"inLanguage\":\"en-US\",\"@id\":\"https:\/\/diinews.unitn.it\/#\/schema\/logo\/image\/\",\"url\":\"https:\/\/diinews.unitn.it\/wp-content\/uploads\/2024\/04\/DIIINEWS-universita-trento-logo.jpg\",\"contentUrl\":\"https:\/\/diinews.unitn.it\/wp-content\/uploads\/2024\/04\/DIIINEWS-universita-trento-logo.jpg\",\"width\":800,\"height\":117,\"caption\":\"DII News\"},\"image\":{\"@id\":\"https:\/\/diinews.unitn.it\/#\/schema\/logo\/image\/\"},\"sameAs\":[\"https:\/\/www.facebook.com\/UniTrento.DII\/\",\"https:\/\/x.com\/UniTrento_DII\",\"https:\/\/www.instagram.com\/dii_unitrento\/\",\"https:\/\/www.youtube.com\/channel\/UCY7uML5SiuNU84LyZNmsoSA\",\"https:\/\/www.linkedin.com\/school\/unitrentodii\/\"]}]}<\/script>\n<!-- \/ Yoast SEO plugin. -->","yoast_head_json":{"title":"Privacy Policy - DII News","robots":{"index":"index","follow":"follow","max-snippet":"max-snippet:-1","max-image-preview":"max-image-preview:large","max-video-preview":"max-video-preview:-1"},"canonical":"https:\/\/diinews.unitn.it\/privacy-policy\/","og_locale":"en_US","og_type":"article","og_title":"Privacy Policy - DII News","og_description":"Informativa ai sensi dell\u2019art. 13 e 14 del Regolamento (UE) 2016\/679 Ai sensi dell\u2019articolo 13 e 14 del Regolamento (UE) 2016\/679, recante disposizioni in materia di protezione dei dati, desideriamo informarLa che i dati personali da Lei volontariamente forniti all&#8217;Universit\u00e0 degli Studi di Trento saranno dalla stessa trattati adottando le misure idonee a garantirne la [&hellip;]","og_url":"https:\/\/diinews.unitn.it\/privacy-policy\/","og_site_name":"DII News","article_publisher":"https:\/\/www.facebook.com\/UniTrento.DII\/","article_modified_time":"2024-06-14T13:51:35+00:00","twitter_card":"summary_large_image","twitter_site":"@UniTrento_DII","twitter_misc":{"Est. reading time":"5 minutes"},"schema":{"@context":"https:\/\/schema.org","@graph":[{"@type":"WebPage","@id":"https:\/\/diinews.unitn.it\/privacy-policy\/","url":"https:\/\/diinews.unitn.it\/privacy-policy\/","name":"Privacy Policy - DII News","isPartOf":{"@id":"https:\/\/diinews.unitn.it\/#website"},"datePublished":"2024-04-07T21:34:32+00:00","dateModified":"2024-06-14T13:51:35+00:00","breadcrumb":{"@id":"https:\/\/diinews.unitn.it\/privacy-policy\/#breadcrumb"},"inLanguage":"en-US","potentialAction":[{"@type":"ReadAction","target":["https:\/\/diinews.unitn.it\/privacy-policy\/"]}]},{"@type":"BreadcrumbList","@id":"https:\/\/diinews.unitn.it\/privacy-policy\/#breadcrumb","itemListElement":[{"@type":"ListItem","position":1,"name":"Home","item":"https:\/\/diinews.unitn.it\/"},{"@type":"ListItem","position":2,"name":"Privacy Policy"}]},{"@type":"WebSite","@id":"https:\/\/diinews.unitn.it\/#website","url":"https:\/\/diinews.unitn.it\/","name":"DII News","description":"Rivista di informazione del Dipartimento di Ingegneria Industriale  Universit\u00e0 di Trento","publisher":{"@id":"https:\/\/diinews.unitn.it\/#organization"},"potentialAction":[{"@type":"SearchAction","target":{"@type":"EntryPoint","urlTemplate":"https:\/\/diinews.unitn.it\/?s={search_term_string}"},"query-input":{"@type":"PropertyValueSpecification","valueRequired":true,"valueName":"search_term_string"}}],"inLanguage":"en-US"},{"@type":"Organization","@id":"https:\/\/diinews.unitn.it\/#organization","name":"DII News","url":"https:\/\/diinews.unitn.it\/","logo":{"@type":"ImageObject","inLanguage":"en-US","@id":"https:\/\/diinews.unitn.it\/#\/schema\/logo\/image\/","url":"https:\/\/diinews.unitn.it\/wp-content\/uploads\/2024\/04\/DIIINEWS-universita-trento-logo.jpg","contentUrl":"https:\/\/diinews.unitn.it\/wp-content\/uploads\/2024\/04\/DIIINEWS-universita-trento-logo.jpg","width":800,"height":117,"caption":"DII News"},"image":{"@id":"https:\/\/diinews.unitn.it\/#\/schema\/logo\/image\/"},"sameAs":["https:\/\/www.facebook.com\/UniTrento.DII\/","https:\/\/x.com\/UniTrento_DII","https:\/\/www.instagram.com\/dii_unitrento\/","https:\/\/www.youtube.com\/channel\/UCY7uML5SiuNU84LyZNmsoSA","https:\/\/www.linkedin.com\/school\/unitrentodii\/"]}]}},"_links":{"self":[{"href":"https:\/\/diinews.unitn.it\/en\/wp-json\/wp\/v2\/pages\/995","targetHints":{"allow":["GET"]}}],"collection":[{"href":"https:\/\/diinews.unitn.it\/en\/wp-json\/wp\/v2\/pages"}],"about":[{"href":"https:\/\/diinews.unitn.it\/en\/wp-json\/wp\/v2\/types\/page"}],"author":[{"embeddable":true,"href":"https:\/\/diinews.unitn.it\/en\/wp-json\/wp\/v2\/users\/1"}],"replies":[{"embeddable":true,"href":"https:\/\/diinews.unitn.it\/en\/wp-json\/wp\/v2\/comments?post=995"}],"version-history":[{"count":3,"href":"https:\/\/diinews.unitn.it\/en\/wp-json\/wp\/v2\/pages\/995\/revisions"}],"predecessor-version":[{"id":998,"href":"https:\/\/diinews.unitn.it\/en\/wp-json\/wp\/v2\/pages\/995\/revisions\/998"}],"wp:attachment":[{"href":"https:\/\/diinews.unitn.it\/en\/wp-json\/wp\/v2\/media?parent=995"}],"curies":[{"name":"wp","href":"https:\/\/api.w.org\/{rel}","templated":true}]}}